{"id":3359,"date":"2015-03-19T17:54:23","date_gmt":"2015-03-19T17:54:23","guid":{"rendered":"http:\/\/demo-content.kaliumtheme.com\/main\/?page_id=3359"},"modified":"2018-11-18T17:32:47","modified_gmt":"2018-11-18T17:32:47","slug":"home","status":"publish","type":"page","link":"https:\/\/www.lenkavackova.com\/","title":{"rendered":"Home"},"content":{"rendered":"<div class=\"wpb-content-wrapper\"><p>[vc_row full_width=&#8220;stretch_row_content_no_spaces&#8220;][vc_column]\t\t\t<script src=\"\/\/www.lenkavackova.com\/wp-content\/plugins\/revslider\/public\/assets\/js\/rbtools.min.js?rev=6.6.20\"><\/script>\n\t\t\t<script src=\"\/\/www.lenkavackova.com\/wp-content\/plugins\/revslider\/public\/assets\/js\/rs6.min.js?rev=6.6.20\"><\/script>\n\n\t\t\t<!-- START Homepage REVOLUTION SLIDER 6.6.20 --><p class=\"rs-p-wp-fix\"><\/p>\n\t\t\t<rs-module-wrap id=\"rev_slider_3_1_wrapper\" data-source=\"gallery\" style=\"visibility:hidden;background:#eeeeee;padding:0;\">\n\t\t\t\t<rs-module id=\"rev_slider_3_1\" style=\"\" data-version=\"6.6.20\">\n\t\t\t\t\t<rs-slides style=\"overflow: hidden; position: absolute;\">\n\t\t\t\t\t\t<rs-slide style=\"position: absolute;\" data-key=\"rs-7\" data-title=\"Video\" data-anim=\"adpr:false;\">\n\t\t\t\t\t\t\t<img decoding=\"async\" src=\"\/\/www.lenkavackova.com\/wp-content\/plugins\/revslider\/public\/assets\/assets\/dummy.png\" alt=\"\" title=\"Home\" class=\"rev-slidebg tp-rs-img rs-lazyload\" data-lazyload=\"\/\/www.lenkavackova.com\/wp-content\/uploads\/2018\/10\/DSC_1694-1024x683.gif\" data-bg=\"p:center top;\" data-parallax=\"off\" data-no-retina>\n<!--\n\t\t\t\t\t\t\t--><rs-layer\n\t\t\t\t\t\t\t\tid=\"slider-3-slide-7-layer-2\" \n\t\t\t\t\t\t\t\tclass=\"slider-font rs-pxl-3\"\n\t\t\t\t\t\t\t\tdata-type=\"text\"\n\t\t\t\t\t\t\t\tdata-color=\"rgba(255, 255, 255, 1)\"\n\t\t\t\t\t\t\t\tdata-rsp_ch=\"on\"\n\t\t\t\t\t\t\t\tdata-xy=\"x:c;xo:0,0,0,2px;y:m;yo:-12px,-12px,-12px,-46px;\"\n\t\t\t\t\t\t\t\tdata-text=\"s:56,54,56,42;l:28,28,28,17;fw:300;\"\n\t\t\t\t\t\t\t\tdata-frame_0=\"tp:600;\"\n\t\t\t\t\t\t\t\tdata-frame_1=\"tp:600;e:easeOutCirc;st:600;sR:600;\"\n\t\t\t\t\t\t\t\tdata-frame_999=\"st:w;sR:8100;auto:true;\"\n\t\t\t\t\t\t\t\tstyle=\"z-index:5;font-family:'';\"\n\t\t\t\t\t\t\t>Lenka Vackova \n\t\t\t\t\t\t\t<\/rs-layer><!--\n\n\t\t\t\t\t\t\t--><rs-layer\n\t\t\t\t\t\t\t\tid=\"slider-3-slide-7-layer-3\" \n\t\t\t\t\t\t\t\tclass=\"slider-text rs-pxl-3\"\n\t\t\t\t\t\t\t\tdata-type=\"text\"\n\t\t\t\t\t\t\t\tdata-color=\"rgba(255, 255, 255, 1)\"\n\t\t\t\t\t\t\t\tdata-rsp_ch=\"on\"\n\t\t\t\t\t\t\t\tdata-xy=\"x:c;y:m;yo:69px,68px,68px,58px;\"\n\t\t\t\t\t\t\t\tdata-text=\"w:normal;s:24;l:28;fw:300;a:center;\"\n\t\t\t\t\t\t\t\tdata-dim=\"w:800px,800px,750px,460px;h:80px,80px,auto,163px;\"\n\t\t\t\t\t\t\t\tdata-frame_0=\"o:1;tp:600;\"\n\t\t\t\t\t\t\t\tdata-frame_0_lines=\"d:10;y:50px;o:0;\"\n\t\t\t\t\t\t\t\tdata-frame_1=\"tp:600;e:easeOutCirc;st:1400;sR:1400;\"\n\t\t\t\t\t\t\t\tdata-frame_1_lines=\"d:10;\"\n\t\t\t\t\t\t\t\tdata-frame_999=\"st:w;sR:7300;auto:true;\"\n\t\t\t\t\t\t\t\tstyle=\"z-index:6;font-family:'';\"\n\t\t\t\t\t\t\t>Sustainable Fashion Design Solution and Services\n\n \n\t\t\t\t\t\t\t<\/rs-layer><!--\n\n\t\t\t\t\t\t\t--><rs-layer\n\t\t\t\t\t\t\t\tid=\"slider-3-slide-7-layer-4\" \n\t\t\t\t\t\t\t\tclass=\"mouse scrolldown rs-pxl-4\"\n\t\t\t\t\t\t\t\tdata-type=\"text\"\n\t\t\t\t\t\t\t\tdata-rsp_ch=\"on\"\n\t\t\t\t\t\t\t\tdata-xy=\"x:c;xo:-16px;y:b;yo:42px;\"\n\t\t\t\t\t\t\t\tdata-actions='o:click;a:scrollbelow;sp:300;e:none;'\n\t\t\t\t\t\t\t\tdata-frame_0=\"tp:600;\"\n\t\t\t\t\t\t\t\tdata-frame_1=\"tp:600;e:circ.out;st:2000;sR:2000;\"\n\t\t\t\t\t\t\t\tdata-frame_999=\"o:0;tp:600;e:nothing;st:w;sR:6700;\"\n\t\t\t\t\t\t\t\tstyle=\"z-index:7;font-family:'Arial';left:50%;\"\n\t\t\t\t\t\t\t><div class='mouse'><\/div> \n\t\t\t\t\t\t\t<\/rs-layer><!--\n\n\t\t\t\t\t\t\t--><rs-layer\n\t\t\t\t\t\t\t\tid=\"slider-3-slide-7-layer-5\" \n\t\t\t\t\t\t\t\tclass=\"goNextSlide\"\n\t\t\t\t\t\t\t\tdata-type=\"image\"\n\t\t\t\t\t\t\t\tdata-rsp_ch=\"on\"\n\t\t\t\t\t\t\t\tdata-xy=\"x:r;xo:29px;y:m;yo:307px;\"\n\t\t\t\t\t\t\t\tdata-text=\"l:22;\"\n\t\t\t\t\t\t\t\tdata-dim=\"w:['51px','51px','51px','51px'];h:['35px','35px','35px','35px'];\"\n\t\t\t\t\t\t\t\tdata-actions='o:click;a:jumptoslide;slide:next;'\n\t\t\t\t\t\t\t\tdata-frame_0=\"tp:600;\"\n\t\t\t\t\t\t\t\tdata-frame_1=\"tp:600;st:2700;sR:2700;\"\n\t\t\t\t\t\t\t\tdata-frame_999=\"st:w;sR:6000;auto:true;\"\n\t\t\t\t\t\t\t\tstyle=\"z-index:8;\"\n\t\t\t\t\t\t\t><img decoding=\"async\" src=\"\/\/www.lenkavackova.com\/wp-content\/plugins\/revslider\/public\/assets\/assets\/dummy.png\" alt=\"\" class=\"tp-rs-img rs-lazyload\" width=\"102\" height=\"70\" data-lazyload=\"\/\/www.lenkavackova.com\/wp-content\/uploads\/revslider\/homepage\/next.png\" data-no-retina> \n\t\t\t\t\t\t\t<\/rs-layer><!--\n-->\t\t\t\t\t\t<\/rs-slide>\n\t\t\t\t\t\t<rs-slide style=\"position: absolute;\" data-key=\"rs-4\" data-title=\"Video\" data-anim=\"adpr:false;\">\n\t\t\t\t\t\t\t<img decoding=\"async\" src=\"\/\/www.lenkavackova.com\/wp-content\/plugins\/revslider\/public\/assets\/assets\/dummy.png\" alt=\"\" title=\"Home\" class=\"rev-slidebg tp-rs-img rs-lazyload\" data-lazyload=\"\/\/www.lenkavackova.com\/wp-content\/uploads\/2018\/12\/A0024989orez_m.jpg\" data-bg=\"p:center top;\" data-parallax=\"off\" data-no-retina>\n<!--\n\t\t\t\t\t\t\t--><rs-layer\n\t\t\t\t\t\t\t\tid=\"slider-3-slide-4-layer-2\" \n\t\t\t\t\t\t\t\tclass=\"slider-font rs-pxl-3\"\n\t\t\t\t\t\t\t\tdata-type=\"text\"\n\t\t\t\t\t\t\t\tdata-color=\"rgba(255, 255, 255, 1)\"\n\t\t\t\t\t\t\t\tdata-rsp_ch=\"on\"\n\t\t\t\t\t\t\t\tdata-xy=\"x:c;xo:0,0,0,2px;y:m;yo:-12px,-12px,-12px,-46px;\"\n\t\t\t\t\t\t\t\tdata-text=\"s:56,54,56,42;l:28,28,28,17;fw:300;\"\n\t\t\t\t\t\t\t\tdata-frame_0=\"tp:600;\"\n\t\t\t\t\t\t\t\tdata-frame_1=\"tp:600;e:easeOutCirc;st:600;sR:600;\"\n\t\t\t\t\t\t\t\tdata-frame_999=\"st:w;sR:8100;auto:true;\"\n\t\t\t\t\t\t\t\tstyle=\"z-index:5;font-family:'';\"\n\t\t\t\t\t\t\t>Lenka Vackova \n\t\t\t\t\t\t\t<\/rs-layer><!--\n\n\t\t\t\t\t\t\t--><rs-layer\n\t\t\t\t\t\t\t\tid=\"slider-3-slide-4-layer-3\" \n\t\t\t\t\t\t\t\tclass=\"slider-text rs-pxl-3\"\n\t\t\t\t\t\t\t\tdata-type=\"text\"\n\t\t\t\t\t\t\t\tdata-color=\"rgba(255, 255, 255, 1)\"\n\t\t\t\t\t\t\t\tdata-rsp_ch=\"on\"\n\t\t\t\t\t\t\t\tdata-xy=\"x:c;y:m;yo:69px,68px,68px,58px;\"\n\t\t\t\t\t\t\t\tdata-text=\"w:normal;s:24;l:28;fw:300;a:center;\"\n\t\t\t\t\t\t\t\tdata-dim=\"w:800px,800px,750px,460px;h:80px,80px,auto,163px;\"\n\t\t\t\t\t\t\t\tdata-frame_0=\"o:1;tp:600;\"\n\t\t\t\t\t\t\t\tdata-frame_0_lines=\"d:10;y:50px;o:0;\"\n\t\t\t\t\t\t\t\tdata-frame_1=\"tp:600;e:easeOutCirc;st:1400;sR:1400;\"\n\t\t\t\t\t\t\t\tdata-frame_1_lines=\"d:10;\"\n\t\t\t\t\t\t\t\tdata-frame_999=\"st:w;sR:7300;auto:true;\"\n\t\t\t\t\t\t\t\tstyle=\"z-index:6;font-family:'';\"\n\t\t\t\t\t\t\t>Sustainable Fashion Design Solution and Services\n\n \n\t\t\t\t\t\t\t<\/rs-layer><!--\n\n\t\t\t\t\t\t\t--><rs-layer\n\t\t\t\t\t\t\t\tid=\"slider-3-slide-4-layer-4\" \n\t\t\t\t\t\t\t\tclass=\"mouse scrolldown rs-pxl-4\"\n\t\t\t\t\t\t\t\tdata-type=\"text\"\n\t\t\t\t\t\t\t\tdata-rsp_ch=\"on\"\n\t\t\t\t\t\t\t\tdata-xy=\"x:c;xo:-16px;y:b;yo:42px;\"\n\t\t\t\t\t\t\t\tdata-actions='o:click;a:scrollbelow;sp:300;e:none;'\n\t\t\t\t\t\t\t\tdata-frame_0=\"tp:600;\"\n\t\t\t\t\t\t\t\tdata-frame_1=\"tp:600;e:circ.out;st:2000;sR:2000;\"\n\t\t\t\t\t\t\t\tdata-frame_999=\"o:0;tp:600;e:nothing;st:w;sR:6700;\"\n\t\t\t\t\t\t\t\tstyle=\"z-index:7;font-family:'Arial';left:50%;\"\n\t\t\t\t\t\t\t><div class='mouse'><\/div> \n\t\t\t\t\t\t\t<\/rs-layer><!--\n\n\t\t\t\t\t\t\t--><rs-layer\n\t\t\t\t\t\t\t\tid=\"slider-3-slide-4-layer-5\" \n\t\t\t\t\t\t\t\tclass=\"goNextSlide\"\n\t\t\t\t\t\t\t\tdata-type=\"image\"\n\t\t\t\t\t\t\t\tdata-rsp_ch=\"on\"\n\t\t\t\t\t\t\t\tdata-xy=\"x:r;xo:29px;y:m;yo:307px;\"\n\t\t\t\t\t\t\t\tdata-text=\"l:22;\"\n\t\t\t\t\t\t\t\tdata-dim=\"w:['51px','51px','51px','51px'];h:['35px','35px','35px','35px'];\"\n\t\t\t\t\t\t\t\tdata-actions='o:click;a:jumptoslide;slide:next;'\n\t\t\t\t\t\t\t\tdata-frame_0=\"tp:600;\"\n\t\t\t\t\t\t\t\tdata-frame_1=\"tp:600;st:2700;sR:2700;\"\n\t\t\t\t\t\t\t\tdata-frame_999=\"st:w;sR:6000;auto:true;\"\n\t\t\t\t\t\t\t\tstyle=\"z-index:8;\"\n\t\t\t\t\t\t\t><img decoding=\"async\" src=\"\/\/www.lenkavackova.com\/wp-content\/plugins\/revslider\/public\/assets\/assets\/dummy.png\" alt=\"\" class=\"tp-rs-img rs-lazyload\" width=\"102\" height=\"70\" data-lazyload=\"\/\/www.lenkavackova.com\/wp-content\/uploads\/revslider\/homepage\/next.png\" data-no-retina> \n\t\t\t\t\t\t\t<\/rs-layer><!--\n-->\t\t\t\t\t\t<\/rs-slide>\n\t\t\t\t\t\t<rs-slide style=\"position: absolute;\" data-key=\"rs-8\" data-title=\"Video\" data-anim=\"adpr:false;\">\n\t\t\t\t\t\t\t<img decoding=\"async\" src=\"\/\/www.lenkavackova.com\/wp-content\/plugins\/revslider\/public\/assets\/assets\/dummy.png\" alt=\"\" title=\"Home\" class=\"rev-slidebg tp-rs-img rs-lazyload\" data-lazyload=\"\/\/www.lenkavackova.com\/wp-content\/uploads\/2018\/11\/DSC_0896.jpg\" data-bg=\"p:center top;\" data-parallax=\"off\" data-no-retina>\n<!--\n\t\t\t\t\t\t\t--><rs-layer\n\t\t\t\t\t\t\t\tid=\"slider-3-slide-8-layer-2\" \n\t\t\t\t\t\t\t\tclass=\"slider-font rs-pxl-3\"\n\t\t\t\t\t\t\t\tdata-type=\"text\"\n\t\t\t\t\t\t\t\tdata-color=\"rgba(255, 255, 255, 1)\"\n\t\t\t\t\t\t\t\tdata-rsp_ch=\"on\"\n\t\t\t\t\t\t\t\tdata-xy=\"x:c;xo:0,0,0,2px;y:m;yo:-12px,-12px,-12px,-46px;\"\n\t\t\t\t\t\t\t\tdata-text=\"s:56,54,56,42;l:28,28,28,17;fw:300;\"\n\t\t\t\t\t\t\t\tdata-frame_0=\"tp:600;\"\n\t\t\t\t\t\t\t\tdata-frame_1=\"tp:600;e:easeOutCirc;st:600;sR:600;\"\n\t\t\t\t\t\t\t\tdata-frame_999=\"st:w;sR:8100;auto:true;\"\n\t\t\t\t\t\t\t\tstyle=\"z-index:5;font-family:'';\"\n\t\t\t\t\t\t\t>Lenka Vackova \n\t\t\t\t\t\t\t<\/rs-layer><!--\n\n\t\t\t\t\t\t\t--><rs-layer\n\t\t\t\t\t\t\t\tid=\"slider-3-slide-8-layer-3\" \n\t\t\t\t\t\t\t\tclass=\"slider-text rs-pxl-3\"\n\t\t\t\t\t\t\t\tdata-type=\"text\"\n\t\t\t\t\t\t\t\tdata-color=\"rgba(255, 255, 255, 1)\"\n\t\t\t\t\t\t\t\tdata-rsp_ch=\"on\"\n\t\t\t\t\t\t\t\tdata-xy=\"x:c;y:m;yo:69px,68px,68px,58px;\"\n\t\t\t\t\t\t\t\tdata-text=\"w:normal;s:24;l:28;fw:300;a:center;\"\n\t\t\t\t\t\t\t\tdata-dim=\"w:800px,800px,750px,460px;h:80px,80px,auto,163px;\"\n\t\t\t\t\t\t\t\tdata-frame_0=\"o:1;tp:600;\"\n\t\t\t\t\t\t\t\tdata-frame_0_lines=\"d:10;y:50px;o:0;\"\n\t\t\t\t\t\t\t\tdata-frame_1=\"tp:600;e:easeOutCirc;st:1400;sR:1400;\"\n\t\t\t\t\t\t\t\tdata-frame_1_lines=\"d:10;\"\n\t\t\t\t\t\t\t\tdata-frame_999=\"st:w;sR:7300;auto:true;\"\n\t\t\t\t\t\t\t\tstyle=\"z-index:6;font-family:'';\"\n\t\t\t\t\t\t\t>Sustainable Fashion Design Solution and Services\n\n \n\t\t\t\t\t\t\t<\/rs-layer><!--\n\n\t\t\t\t\t\t\t--><rs-layer\n\t\t\t\t\t\t\t\tid=\"slider-3-slide-8-layer-4\" \n\t\t\t\t\t\t\t\tclass=\"mouse scrolldown rs-pxl-4\"\n\t\t\t\t\t\t\t\tdata-type=\"text\"\n\t\t\t\t\t\t\t\tdata-rsp_ch=\"on\"\n\t\t\t\t\t\t\t\tdata-xy=\"x:c;xo:-16px;y:b;yo:42px;\"\n\t\t\t\t\t\t\t\tdata-actions='o:click;a:scrollbelow;sp:300;e:none;'\n\t\t\t\t\t\t\t\tdata-frame_0=\"tp:600;\"\n\t\t\t\t\t\t\t\tdata-frame_1=\"tp:600;e:circ.out;st:2000;sR:2000;\"\n\t\t\t\t\t\t\t\tdata-frame_999=\"o:0;tp:600;e:nothing;st:w;sR:6700;\"\n\t\t\t\t\t\t\t\tstyle=\"z-index:7;font-family:'Arial';left:50%;\"\n\t\t\t\t\t\t\t><div class='mouse'><\/div> \n\t\t\t\t\t\t\t<\/rs-layer><!--\n\n\t\t\t\t\t\t\t--><rs-layer\n\t\t\t\t\t\t\t\tid=\"slider-3-slide-8-layer-5\" \n\t\t\t\t\t\t\t\tclass=\"goNextSlide\"\n\t\t\t\t\t\t\t\tdata-type=\"image\"\n\t\t\t\t\t\t\t\tdata-rsp_ch=\"on\"\n\t\t\t\t\t\t\t\tdata-xy=\"x:r;xo:29px;y:m;yo:307px;\"\n\t\t\t\t\t\t\t\tdata-text=\"l:22;\"\n\t\t\t\t\t\t\t\tdata-dim=\"w:['51px','51px','51px','51px'];h:['35px','35px','35px','35px'];\"\n\t\t\t\t\t\t\t\tdata-actions='o:click;a:jumptoslide;slide:next;'\n\t\t\t\t\t\t\t\tdata-frame_0=\"tp:600;\"\n\t\t\t\t\t\t\t\tdata-frame_1=\"tp:600;st:2700;sR:2700;\"\n\t\t\t\t\t\t\t\tdata-frame_999=\"st:w;sR:6000;auto:true;\"\n\t\t\t\t\t\t\t\tstyle=\"z-index:8;\"\n\t\t\t\t\t\t\t><img decoding=\"async\" src=\"\/\/www.lenkavackova.com\/wp-content\/plugins\/revslider\/public\/assets\/assets\/dummy.png\" alt=\"\" class=\"tp-rs-img rs-lazyload\" width=\"102\" height=\"70\" data-lazyload=\"\/\/www.lenkavackova.com\/wp-content\/uploads\/revslider\/homepage\/next.png\" data-no-retina> \n\t\t\t\t\t\t\t<\/rs-layer><!--\n-->\t\t\t\t\t\t<\/rs-slide>\n\t\t\t\t\t<\/rs-slides>\n\t\t\t\t<\/rs-module>\n\t\t\t\t<script>\n\t\t\t\t\tsetREVStartSize({c: 'rev_slider_3_1',rl:[1240,1024,778,480],el:[],gw:[1140,1024,778,480],gh:[700,768,960,720],type:'standard',justify:'',layout:'fullscreen',offsetContainer:'',offset:'',mh:\"0\"});if (window.RS_MODULES!==undefined && window.RS_MODULES.modules!==undefined && window.RS_MODULES.modules[\"revslider31\"]!==undefined) {window.RS_MODULES.modules[\"revslider31\"].once = false;window.revapi3 = undefined;if (window.RS_MODULES.checkMinimal!==undefined) window.RS_MODULES.checkMinimal()}\n\t\t\t\t<\/script>\n\t\t\t<\/rs-module-wrap>\n\t\t\t<!-- END REVOLUTION SLIDER -->\n[\/vc_column][\/vc_row][vc_row no_bottom_margin=&#8220;yes&#8220; css=&#8220;.vc_custom_1449169318558{padding-top: 40px !important;padding-bottom: 40px !important;background-color: #ffffff !important;}&#8220;][vc_column css=&#8220;.vc_custom_1498251402115{padding-top: 0px !important;}&#8220;][lab_portfolio_items title=&#8220;Nejnov\u011bj\u0161\u00ed projekty&#8220; columns=&#8220;2&#8243; dynamic_image_height=&#8220;yes&#8220; pagination_type=&#8220;endless&#8220; portfolio_query=&#8220;size:8|order_by:date|post_type:portfolio&#8220;][\/vc_column][\/vc_row]<\/p>\n<\/div>","protected":false},"excerpt":{"rendered":"<p>[vc_row full_width=&#8220;stretch_row_content_no_spaces&#8220;][vc_column][\/vc_column][\/vc_row][vc_row no_bottom_margin=&#8220;yes&#8220; css=&#8220;.vc_custom_1449169318558{padding-top: 40px !important;padding-bottom: 40px !important;background-color: #ffffff !important;}&#8220;][vc_column css=&#8220;.vc_custom_1498251402115{padding-top: 0px !important;}&#8220;][lab_portfolio_items title=&#8220;Nejnov\u011bj\u0161\u00ed projekty&#8220; columns=&#8220;2&#8243; dynamic_image_height=&#8220;yes&#8220; pagination_type=&#8220;endless&#8220; portfolio_query=&#8220;size:8|order_by:date|post_type:portfolio&#8220;][\/vc_column][\/vc_row]<\/p>\n","protected":false},"author":1,"featured_media":0,"parent":0,"menu_order":0,"comment_status":"open","ping_status":"open","template":"","meta":{"inline_featured_image":false,"footnotes":""},"class_list":["post-3359","page","type-page","status-publish","hentry"],"acf":[],"post_mailing_queue_ids":[],"_links":{"self":[{"href":"https:\/\/www.lenkavackova.com\/index.php\/wp-json\/wp\/v2\/pages\/3359","targetHints":{"allow":["GET"]}}],"collection":[{"href":"https:\/\/www.lenkavackova.com\/index.php\/wp-json\/wp\/v2\/pages"}],"about":[{"href":"https:\/\/www.lenkavackova.com\/index.php\/wp-json\/wp\/v2\/types\/page"}],"author":[{"embeddable":true,"href":"https:\/\/www.lenkavackova.com\/index.php\/wp-json\/wp\/v2\/users\/1"}],"replies":[{"embeddable":true,"href":"https:\/\/www.lenkavackova.com\/index.php\/wp-json\/wp\/v2\/comments?post=3359"}],"version-history":[{"count":4,"href":"https:\/\/www.lenkavackova.com\/index.php\/wp-json\/wp\/v2\/pages\/3359\/revisions"}],"predecessor-version":[{"id":4390,"href":"https:\/\/www.lenkavackova.com\/index.php\/wp-json\/wp\/v2\/pages\/3359\/revisions\/4390"}],"wp:attachment":[{"href":"https:\/\/www.lenkavackova.com\/index.php\/wp-json\/wp\/v2\/media?parent=3359"}],"curies":[{"name":"wp","href":"https:\/\/api.w.org\/{rel}","templated":true}]}}