{"id":11,"date":"2018-10-25T21:56:06","date_gmt":"2018-10-25T21:56:06","guid":{"rendered":"http:\/\/www.lenkavackova.com\/index.php\/obchod\/"},"modified":"2018-12-17T11:40:43","modified_gmt":"2018-12-17T11:40:43","slug":"obchod","status":"publish","type":"page","link":"https:\/\/www.lenkavackova.com\/index.php\/obchod\/","title":{"rendered":"Obchod"},"content":{"rendered":"<div>V tuhle chv\u00edli tu nic nen\u00ed, ale v\u0161e, co ode m\u011b m\u016f\u017eete koupit bude od ledna na hithit.cz na podporu dobr\u00e9 v\u011bci. Z\u016fsta\u0148te na p\u0159\u00edjmu!<\/div>\n","protected":false},"excerpt":{"rendered":"<p>V tuhle chv\u00edli tu nic nen\u00ed, ale v\u0161e, co ode m\u011b m\u016f\u017eete koupit bude od ledna na hithit.cz na podporu dobr\u00e9 v\u011bci. Z\u016fsta\u0148te na p\u0159\u00edjmu!<\/p>\n","protected":false},"author":1,"featured_media":0,"parent":0,"menu_order":0,"comment_status":"closed","ping_status":"closed","template":"","meta":{"inline_featured_image":false,"footnotes":""},"class_list":["post-11","page","type-page","status-publish","hentry"],"acf":[],"post_mailing_queue_ids":[],"_links":{"self":[{"href":"https:\/\/www.lenkavackova.com\/index.php\/wp-json\/wp\/v2\/pages\/11","targetHints":{"allow":["GET"]}}],"collection":[{"href":"https:\/\/www.lenkavackova.com\/index.php\/wp-json\/wp\/v2\/pages"}],"about":[{"href":"https:\/\/www.lenkavackova.com\/index.php\/wp-json\/wp\/v2\/types\/page"}],"author":[{"embeddable":true,"href":"https:\/\/www.lenkavackova.com\/index.php\/wp-json\/wp\/v2\/users\/1"}],"replies":[{"embeddable":true,"href":"https:\/\/www.lenkavackova.com\/index.php\/wp-json\/wp\/v2\/comments?post=11"}],"version-history":[{"count":3,"href":"https:\/\/www.lenkavackova.com\/index.php\/wp-json\/wp\/v2\/pages\/11\/revisions"}],"predecessor-version":[{"id":4710,"href":"https:\/\/www.lenkavackova.com\/index.php\/wp-json\/wp\/v2\/pages\/11\/revisions\/4710"}],"wp:attachment":[{"href":"https:\/\/www.lenkavackova.com\/index.php\/wp-json\/wp\/v2\/media?parent=11"}],"curies":[{"name":"wp","href":"https:\/\/api.w.org\/{rel}","templated":true}]}}